{"id":427,"date":"2022-10-26T12:55:06","date_gmt":"2022-10-26T12:55:06","guid":{"rendered":"https:\/\/hoteldesbains-aixlesbains.com\/?page_id=427"},"modified":"2022-10-26T12:56:08","modified_gmt":"2022-10-26T12:56:08","slug":"mentions-legales","status":"publish","type":"page","link":"https:\/\/hoteldesbains-aixlesbains.com\/en\/mentions-legales\/","title":{"rendered":"Legal Notice"},"content":{"rendered":"<p>Soci\u00e9t\u00e9 Pick Inn Hotel<br \/>\n2, rue Georges 1er &#8211; 73100 Aix-les-Bains<br \/>\nT\u00e9l : +33 (0)4 79 61 40 66<br \/>\ncontact@hoteldesbains-aixlesbains.com<br \/>\nSiret : 880 569 793 00016<br \/>\nSARL au capital de 10 000\u20ac<\/p>\n<p>Cr\u00e9ation et d\u00e9veloppement : D-EDGE<\/p>\n<blockquote class=\"wp-embedded-content\" data-secret=\"3EettEtZUz\"><p><a href=\"https:\/\/www.d-edge.com\/fr\/\">Accueil<\/a><\/p><\/blockquote>\n<p><iframe loading=\"lazy\" class=\"wp-embedded-content\" sandbox=\"allow-scripts\" security=\"restricted\" style=\"position: absolute; clip: rect(1px, 1px, 1px, 1px);\" title=\"\u00ab\u00a0Accueil\u00a0\u00bb &#8212; D-EDGE Hospitality Solutions\" src=\"https:\/\/www.d-edge.com\/fr\/embed\/#?secret=SUGeHkgZun#?secret=3EettEtZUz\" data-secret=\"3EettEtZUz\" width=\"500\" height=\"282\" frameborder=\"0\" marginwidth=\"0\" marginheight=\"0\" scrolling=\"no\"><\/iframe><br \/>\nAdresse postale : 14\/16, boulevard Poissonni\u00e8re, 75 009 Paris<br \/>\nT\u00e9l\u00e9phone : +33 1 44 71 05 05\u200b<br \/>\nSIREN : 431 513 852<\/p>\n<p>H\u00e9bergeur : OVH<\/p>\n<p>Photos :<br \/>\nChristine Haas<br \/>\nGilles Lansard &#8211; Aix Riviera des Alpes<br \/>\nErik Sampers &#8211; Aix Riviera des Alpes<br \/>\nC. Baudot &#8211; Aix Rivieira des Alpes<\/p>\n","protected":false},"excerpt":{"rendered":"<p>Soci\u00e9t\u00e9 Pick Inn Hotel 2, rue Georges 1er &#8211; 73100 Aix-les-Bains T\u00e9l : +33 (0)4 79 61 40 66 contact@hoteldesbains-aixlesbains.com Siret : 880 569 793 00016 SARL au capital de 10 000\u20ac Cr\u00e9ation et d\u00e9veloppement : D-EDGE Accueil Adresse postale : 14\/16, boulevard Poissonni\u00e8re, 75 009 Paris T\u00e9l\u00e9phone : +33 1 44 71 05 05\u200b [&hellip;]<\/p>\n","protected":false},"author":453,"featured_media":0,"parent":0,"menu_order":90,"comment_status":"closed","ping_status":"closed","template":"","meta":{"footnotes":""},"class_list":["post-427","page","type-page","status-publish","hentry"],"yoast_head":"<!-- This site is optimized with the Yoast SEO plugin v26.9 - https:\/\/yoast.com\/product\/yoast-seo-wordpress\/ -->\n<title>Legal Notice - Hotel des bains<\/title>\n<meta name=\"robots\" content=\"index, follow, max-snippet:-1, max-image-preview:large, max-video-preview:-1\" \/>\n<link rel=\"canonical\" href=\"https:\/\/hoteldesbains-aixlesbains.com\/en\/mentions-legales\/\" \/>\n<meta property=\"og:locale\" content=\"en_US\" \/>\n<meta property=\"og:type\" content=\"article\" \/>\n<meta property=\"og:title\" content=\"Legal Notice - Hotel des bains\" \/>\n<meta property=\"og:description\" content=\"Soci\u00e9t\u00e9 Pick Inn Hotel 2, rue Georges 1er &#8211; 73100 Aix-les-Bains T\u00e9l : +33 (0)4 79 61 40 66 contact@hoteldesbains-aixlesbains.com Siret : 880 569 793 00016 SARL au capital de 10 000\u20ac Cr\u00e9ation et d\u00e9veloppement : D-EDGE Accueil Adresse postale : 14\/16, boulevard Poissonni\u00e8re, 75 009 Paris T\u00e9l\u00e9phone : +33 1 44 71 05 05\u200b [&hellip;]\" \/>\n<meta property=\"og:url\" content=\"https:\/\/hoteldesbains-aixlesbains.com\/en\/mentions-legales\/\" \/>\n<meta property=\"og:site_name\" content=\"Hotel des bains\" \/>\n<meta property=\"article:modified_time\" content=\"2022-10-26T12:56:08+00:00\" \/>\n<meta name=\"twitter:card\" content=\"summary_large_image\" \/>\n<!-- \/ Yoast SEO plugin. -->","yoast_head_json":{"title":"Legal Notice - Hotel des bains","robots":{"index":"index","follow":"follow","max-snippet":"max-snippet:-1","max-image-preview":"max-image-preview:large","max-video-preview":"max-video-preview:-1"},"canonical":"https:\/\/hoteldesbains-aixlesbains.com\/en\/mentions-legales\/","og_locale":"en_US","og_type":"article","og_title":"Legal Notice - Hotel des bains","og_description":"Soci\u00e9t\u00e9 Pick Inn Hotel 2, rue Georges 1er &#8211; 73100 Aix-les-Bains T\u00e9l : +33 (0)4 79 61 40 66 contact@hoteldesbains-aixlesbains.com Siret : 880 569 793 00016 SARL au capital de 10 000\u20ac Cr\u00e9ation et d\u00e9veloppement : D-EDGE Accueil Adresse postale : 14\/16, boulevard Poissonni\u00e8re, 75 009 Paris T\u00e9l\u00e9phone : +33 1 44 71 05 05\u200b [&hellip;]","og_url":"https:\/\/hoteldesbains-aixlesbains.com\/en\/mentions-legales\/","og_site_name":"Hotel des bains","article_modified_time":"2022-10-26T12:56:08+00:00","twitter_card":"summary_large_image","schema":{"@context":"https:\/\/schema.org","@graph":[{"@type":"WebPage","@id":"https:\/\/hoteldesbains-aixlesbains.com\/en\/mentions-legales\/","url":"https:\/\/hoteldesbains-aixlesbains.com\/en\/mentions-legales\/","name":"Legal Notice - Hotel des bains","isPartOf":{"@id":"https:\/\/hoteldesbains-aixlesbains.com\/en\/#website"},"datePublished":"2022-10-26T12:55:06+00:00","dateModified":"2022-10-26T12:56:08+00:00","breadcrumb":{"@id":"https:\/\/hoteldesbains-aixlesbains.com\/en\/mentions-legales\/#breadcrumb"},"inLanguage":"en-US","potentialAction":[{"@type":"ReadAction","target":["https:\/\/hoteldesbains-aixlesbains.com\/en\/mentions-legales\/"]}]},{"@type":"BreadcrumbList","@id":"https:\/\/hoteldesbains-aixlesbains.com\/en\/mentions-legales\/#breadcrumb","itemListElement":[{"@type":"ListItem","position":1,"name":"Home","item":"https:\/\/hoteldesbains-aixlesbains.com\/en\/"},{"@type":"ListItem","position":2,"name":"Legal Notice"}]},{"@type":"WebSite","@id":"https:\/\/hoteldesbains-aixlesbains.com\/en\/#website","url":"https:\/\/hoteldesbains-aixlesbains.com\/en\/","name":"Hotel des bains","description":"","potentialAction":[{"@type":"SearchAction","target":{"@type":"EntryPoint","urlTemplate":"https:\/\/hoteldesbains-aixlesbains.com\/en\/?s={search_term_string}"},"query-input":{"@type":"PropertyValueSpecification","valueRequired":true,"valueName":"search_term_string"}}],"inLanguage":"en-US"}]}},"acf":[],"_links":{"self":[{"href":"https:\/\/hoteldesbains-aixlesbains.com\/en\/wp-json\/wp\/v2\/pages\/427","targetHints":{"allow":["GET"]}}],"collection":[{"href":"https:\/\/hoteldesbains-aixlesbains.com\/en\/wp-json\/wp\/v2\/pages"}],"about":[{"href":"https:\/\/hoteldesbains-aixlesbains.com\/en\/wp-json\/wp\/v2\/types\/page"}],"author":[{"embeddable":true,"href":"https:\/\/hoteldesbains-aixlesbains.com\/en\/wp-json\/wp\/v2\/users\/453"}],"replies":[{"embeddable":true,"href":"https:\/\/hoteldesbains-aixlesbains.com\/en\/wp-json\/wp\/v2\/comments?post=427"}],"version-history":[{"count":0,"href":"https:\/\/hoteldesbains-aixlesbains.com\/en\/wp-json\/wp\/v2\/pages\/427\/revisions"}],"wp:attachment":[{"href":"https:\/\/hoteldesbains-aixlesbains.com\/en\/wp-json\/wp\/v2\/media?parent=427"}],"curies":[{"name":"wp","href":"https:\/\/api.w.org\/{rel}","templated":true}]}}